{"id":903,"date":"2026-02-09T15:16:44","date_gmt":"2026-02-09T15:16:44","guid":{"rendered":"https:\/\/consultoriodepsiquiatria.pt\/?page_id=903"},"modified":"2026-02-25T16:14:33","modified_gmt":"2026-02-25T16:14:33","slug":"consultas-de-psiquiatria-2","status":"publish","type":"page","link":"https:\/\/consultoriodepsiquiatria.pt\/index.php\/consultas-de-psiquiatria-2\/","title":{"rendered":"Consultas de Psiquiatria"},"content":{"rendered":"\t\t<div data-elementor-type=\"wp-page\" data-elementor-id=\"903\" class=\"elementor elementor-903\">\n\t\t\t\t\t\t<section class=\"elementor-section elementor-top-section elementor-element elementor-element-2716b569 elementor-section-boxed elementor-section-height-default elementor-section-height-default\" data-id=\"2716b569\" data-element_type=\"section\" data-e-type=\"section\">\n\t\t\t\t\t\t<div class=\"elementor-container elementor-column-gap-default\">\n\t\t\t\t\t<div class=\"elementor-column elementor-col-100 elementor-top-column elementor-element elementor-element-910e0db\" data-id=\"910e0db\" data-element_type=\"column\" data-e-type=\"column\">\n\t\t\t<div class=\"elementor-widget-wrap elementor-element-populated\">\n\t\t\t\t\t\t<div class=\"elementor-element elementor-element-408ac980 elementor-widget elementor-widget-text-editor\" data-id=\"408ac980\" data-element_type=\"widget\" data-e-type=\"widget\" data-widget_type=\"text-editor.default\">\n\t\t\t\t<div class=\"elementor-widget-container\">\n\t\t\t\t\t\t\t\t\t<ul><li><h3>Psiquiatria geral<\/h3><\/li><li><h3>Depress\u00e3o<\/h3><\/li><li><h3>Ansiedade<\/h3><\/li><li><h3>Ins\u00f3nia<\/h3><\/li><li><h3>Dificuldades cognitivas (mem\u00f3ria e aten\u00e7\u00e2o)\u00a0<\/h3><\/li><li><h3>Comorbilidades (doen\u00e7a cardiovascular e dem\u00eancias)<\/h3><\/li><li><h3>Doen\u00e7a Bipolar<\/h3><\/li><li><h3>Psicoses<\/h3><\/li><li><h3>Terapia com Psicad\u00e9licos (<a href=\"http:\/\/www.ketamed.pt\"><span style=\"color: #3366ff;\">www.ketamed.pt<\/span><\/a>)<\/h3><\/li><\/ul>\t\t\t\t\t\t\t\t<\/div>\n\t\t\t\t<\/div>\n\t\t\t\t\t<\/div>\n\t\t<\/div>\n\t\t\t\t\t<\/div>\n\t\t<\/section>\n\t\t\t\t<section class=\"elementor-section elementor-top-section elementor-element elementor-element-4fa263a elementor-section-boxed elementor-section-height-default elementor-section-height-default\" data-id=\"4fa263a\" data-element_type=\"section\" data-e-type=\"section\">\n\t\t\t\t\t\t<div class=\"elementor-container elementor-column-gap-default\">\n\t\t\t\t\t<div class=\"elementor-column elementor-col-100 elementor-top-column elementor-element elementor-element-c11fb21\" data-id=\"c11fb21\" data-element_type=\"column\" data-e-type=\"column\">\n\t\t\t<div class=\"elementor-widget-wrap elementor-element-populated\">\n\t\t\t\t\t\t<div class=\"elementor-element elementor-element-4ba0f05 elementor-button-success elementor-align-center elementor-widget elementor-widget-button\" data-id=\"4ba0f05\" data-element_type=\"widget\" data-e-type=\"widget\" data-widget_type=\"button.default\">\n\t\t\t\t<div class=\"elementor-widget-container\">\n\t\t\t\t\t\t\t\t\t<div class=\"elementor-button-wrapper\">\n\t\t\t\t\t<a class=\"elementor-button elementor-button-link elementor-size-sm\" href=\"https:\/\/consultoriodepsiquiatria.pt\/index.php\/about\/\">\n\t\t\t\t\t\t<span class=\"elementor-button-content-wrapper\">\n\t\t\t\t\t\t\t\t\t<span class=\"elementor-button-text\">Agendar Consulta<\/span>\n\t\t\t\t\t<\/span>\n\t\t\t\t\t<\/a>\n\t\t\t\t<\/div>\n\t\t\t\t\t\t\t\t<\/div>\n\t\t\t\t<\/div>\n\t\t\t\t<div class=\"elementor-element elementor-element-3d4cfed elementor-button-warning elementor-align-center elementor-widget elementor-widget-button\" data-id=\"3d4cfed\" data-element_type=\"widget\" data-e-type=\"widget\" data-widget_type=\"button.default\">\n\t\t\t\t<div class=\"elementor-widget-container\">\n\t\t\t\t\t\t\t\t\t<div class=\"elementor-button-wrapper\">\n\t\t\t\t\t<a class=\"elementor-button elementor-button-link elementor-size-sm\" href=\"https:\/\/consultoriodepsiquiatria.pt\/index.php\/services\/\">\n\t\t\t\t\t\t<span class=\"elementor-button-content-wrapper\">\n\t\t\t\t\t\t\t\t\t<span class=\"elementor-button-text\">Artigos e Divulga\u00e7\u00e3o<\/span>\n\t\t\t\t\t<\/span>\n\t\t\t\t\t<\/a>\n\t\t\t\t<\/div>\n\t\t\t\t\t\t\t\t<\/div>\n\t\t\t\t<\/div>\n\t\t\t\t<div class=\"elementor-element elementor-element-2daec1b elementor-button-info elementor-align-center elementor-widget elementor-widget-button\" data-id=\"2daec1b\" data-element_type=\"widget\" data-e-type=\"widget\" data-widget_type=\"button.default\">\n\t\t\t\t<div class=\"elementor-widget-container\">\n\t\t\t\t\t\t\t\t\t<div class=\"elementor-button-wrapper\">\n\t\t\t\t\t<a class=\"elementor-button elementor-button-link elementor-size-sm\" href=\"https:\/\/consultoriodepsiquiatria.pt\/index.php\/contact\/\">\n\t\t\t\t\t\t<span class=\"elementor-button-content-wrapper\">\n\t\t\t\t\t\t\t\t\t<span class=\"elementor-button-text\">Acerca do M\u00e9dico<\/span>\n\t\t\t\t\t<\/span>\n\t\t\t\t\t<\/a>\n\t\t\t\t<\/div>\n\t\t\t\t\t\t\t\t<\/div>\n\t\t\t\t<\/div>\n\t\t\t\t\t<\/div>\n\t\t<\/div>\n\t\t\t\t\t<\/div>\n\t\t<\/section>\n\t\t\t\t<\/div>\n\t\t","protected":false},"excerpt":{"rendered":"<p>Psiquiatria geral Depress\u00e3o Ansiedade Ins\u00f3nia Dificuldades cognitivas (mem\u00f3ria e aten\u00e7\u00e2o)\u00a0 Comorbilidades (doen\u00e7a cardiovascular e dem\u00eancias) Doen\u00e7a Bipolar Psicoses Terapia com Psicad\u00e9licos (www.ketamed.pt) Agendar Consulta Artigos e Divulga\u00e7\u00e3o Acerca do M\u00e9dico<\/p>\n","protected":false},"author":1,"featured_media":0,"parent":0,"menu_order":0,"comment_status":"closed","ping_status":"closed","template":"","meta":{"footnotes":""},"class_list":["post-903","page","type-page","status-publish","hentry"],"_links":{"self":[{"href":"https:\/\/consultoriodepsiquiatria.pt\/index.php\/wp-json\/wp\/v2\/pages\/903","targetHints":{"allow":["GET"]}}],"collection":[{"href":"https:\/\/consultoriodepsiquiatria.pt\/index.php\/wp-json\/wp\/v2\/pages"}],"about":[{"href":"https:\/\/consultoriodepsiquiatria.pt\/index.php\/wp-json\/wp\/v2\/types\/page"}],"author":[{"embeddable":true,"href":"https:\/\/consultoriodepsiquiatria.pt\/index.php\/wp-json\/wp\/v2\/users\/1"}],"replies":[{"embeddable":true,"href":"https:\/\/consultoriodepsiquiatria.pt\/index.php\/wp-json\/wp\/v2\/comments?post=903"}],"version-history":[{"count":24,"href":"https:\/\/consultoriodepsiquiatria.pt\/index.php\/wp-json\/wp\/v2\/pages\/903\/revisions"}],"predecessor-version":[{"id":1215,"href":"https:\/\/consultoriodepsiquiatria.pt\/index.php\/wp-json\/wp\/v2\/pages\/903\/revisions\/1215"}],"wp:attachment":[{"href":"https:\/\/consultoriodepsiquiatria.pt\/index.php\/wp-json\/wp\/v2\/media?parent=903"}],"curies":[{"name":"wp","href":"https:\/\/api.w.org\/{rel}","templated":true}]}}